{"id":185,"date":"2024-05-31T23:10:37","date_gmt":"2024-05-31T21:10:37","guid":{"rendered":"https:\/\/nisa-kuehltransporter.de\/?page_id=185"},"modified":"2025-05-24T14:10:59","modified_gmt":"2025-05-24T12:10:59","slug":"homepage","status":"publish","type":"page","link":"https:\/\/mittelmeer-logistik.de\/","title":{"rendered":"Homepage"},"content":{"rendered":"\t\t<div data-elementor-type=\"wp-page\" data-elementor-id=\"185\" class=\"elementor elementor-185\">\n\t\t\t\t<div class=\"elementor-element elementor-element-c5129cd e-con-full e-flex e-con e-parent\" data-id=\"c5129cd\" data-element_type=\"container\" data-e-type=\"container\">\n\t\t\t\t<div class=\"elementor-element elementor-element-f8d67e9 elementor-widget__width-inherit elementor-widget elementor-widget-themewar-header\" data-id=\"f8d67e9\" data-element_type=\"widget\" data-e-type=\"widget\" data-widget_type=\"themewar-header.default\">\n\t\t\t\t<div class=\"elementor-widget-container\">\n\t\t\t\t\t    <section class=\"topBar01 \">\n        <div class=\"container\">\n            <div class=\"row\">\n                <div class=\"col-lg-12\">\n                    <div class=\"topBarItems\">\n                                                    <div class=\"topDesc\">\n                                                                <p>\n                                                                            <i aria-hidden=\"true\" class=\"logisfare-tell\"><\/i>                                    0152 33697693                                <\/p>\n                                                                <p>\n                                                                            <svg aria-hidden=\"true\" class=\"e-font-icon-svg e-far-envelope\" viewBox=\"0 0 512 512\" xmlns=\"http:\/\/www.w3.org\/2000\/svg\"><path d=\"M464 64H48C21.49 64 0 85.49 0 112v288c0 26.51 21.49 48 48 48h416c26.51 0 48-21.49 48-48V112c0-26.51-21.49-48-48-48zm0 48v40.805c-22.422 18.259-58.168 46.651-134.587 106.49-16.841 13.247-50.201 45.072-73.413 44.701-23.208.375-56.579-31.459-73.413-44.701C106.18 199.465 70.425 171.067 48 152.805V112h416zM48 400V214.398c22.914 18.251 55.409 43.862 104.938 82.646 21.857 17.205 60.134 55.186 103.062 54.955 42.717.231 80.509-37.199 103.053-54.947 49.528-38.783 82.032-64.401 104.947-82.653V400H48z\"><\/path><\/svg>                                                                        <a   href=\"mailto:info@mittelmeer-logistik.de\">info@mittelmeer-logistik.de<\/a>                                <\/p>\n                                                                <p>\n                                                                            <i aria-hidden=\"true\" class=\" logisfare-location_root\"><\/i>                                                                        <a   href=\"https:\/\/maps.app.goo.gl\/4f1dhcnEvn2DKyMg8\">Gro\u00dfer Kamp 15 - 32791 Lage<\/a>                                <\/p>\n                                                            <\/div>\n                                                                    <\/div>\n                <\/div>\n            <\/div>\n        <\/div>\n    <\/section>\n\n<header class=\"header01 isSticky\">\n    <div class=\"container\">\n        <div class=\"row\">\n            <div class=\"col-lg-12\">\n                <div class=\"navBar01\">\n                    <div class=\"logo\">\n                                                    <a href=\"https:\/\/mittelmeer-logistik.de\/\">\n                                <img decoding=\"async\" src=\"https:\/\/nisa-kuehltransporter.de\/wp-content\/uploads\/2024\/05\/MIT.png\" alt=\"Mittelmeer Logistik\"\/>\n                            <\/a>\n                                            <\/div>\n                    <a href=\"javascript:void(0);\" class=\"menu_btn\"><i class=\"themewar_bars\"><\/i><\/a>\n                    <nav class=\"mainMenu\">\n                        <ul id=\"menu-header\" class=\"\"><li id=\"menu-item-288\" class=\"menu-item menu-item-type-post_type menu-item-object-page menu-item-home menu-item-288\"><a href=\"https:\/\/mittelmeer-logistik.de\/\">Startseite<\/a><\/li>\n<li id=\"menu-item-303\" class=\"menu-item menu-item-type-post_type menu-item-object-page menu-item-has-children menu-item-303\"><a href=\"https:\/\/mittelmeer-logistik.de\/?page_id=294\">Dienstleistungen<\/a>\n<ul class=\"sub-menu\">\n\t<li id=\"menu-item-41\" class=\"menu-item menu-item-type-post_type menu-item-object-service menu-item-41\"><a href=\"https:\/\/mittelmeer-logistik.de\/?service=allgemeiner-warentransport\">Allgemeiner Warentransport<\/a><\/li>\n\t<li id=\"menu-item-364\" class=\"menu-item menu-item-type-post_type menu-item-object-service menu-item-364\"><a href=\"https:\/\/mittelmeer-logistik.de\/?service=kuehltransport\">K\u00fchltransport<\/a><\/li>\n\t<li id=\"menu-item-39\" class=\"menu-item menu-item-type-post_type menu-item-object-service menu-item-39\"><a href=\"https:\/\/mittelmeer-logistik.de\/?service=langstreckentransport\">Langstreckentransport<\/a><\/li>\n\t<li id=\"menu-item-40\" class=\"menu-item menu-item-type-post_type menu-item-object-service menu-item-40\"><a href=\"https:\/\/mittelmeer-logistik.de\/?service=kurzstreckentransport\">Kurzstreckentransport<\/a><\/li>\n<\/ul>\n<\/li>\n<li id=\"menu-item-384\" class=\"menu-item menu-item-type-post_type menu-item-object-page menu-item-384\"><a href=\"https:\/\/mittelmeer-logistik.de\/?page_id=376\">\u00dcber uns<\/a><\/li>\n<li id=\"menu-item-389\" class=\"menu-item menu-item-type-post_type menu-item-object-page menu-item-389\"><a href=\"https:\/\/mittelmeer-logistik.de\/?page_id=386\">Kontakt<\/a><\/li>\n<li id=\"menu-item-484\" class=\"menu-item menu-item-type-post_type menu-item-object-page menu-item-484\"><a href=\"https:\/\/mittelmeer-logistik.de\/?page_id=472\">Impressum<\/a><\/li>\n<li id=\"menu-item-496\" class=\"menu-item menu-item-type-post_type menu-item-object-page menu-item-496\"><a href=\"https:\/\/mittelmeer-logistik.de\/?page_id=481\">Datenschutzerkl\u00e4rung<\/a><\/li>\n<\/ul>                    <\/nav>\n                                    <\/div>\n            <\/div>\n        <\/div>\n    <\/div>\n<\/header>\n\n\n\t\t\t\t<\/div>\n\t\t\t\t<\/div>\n\t\t\t\t<\/div>\n\t\t<div class=\"elementor-element elementor-element-f4b8d38 e-con-full e-flex e-con e-parent\" data-id=\"f4b8d38\" data-element_type=\"container\" data-e-type=\"container\" data-settings=\"{&quot;background_background&quot;:&quot;slideshow&quot;,&quot;background_slideshow_gallery&quot;:[{&quot;id&quot;:236,&quot;url&quot;:&quot;https:\\\/\\\/nisa-kuehltransporter.de\\\/wp-content\\\/uploads\\\/2024\\\/06\\\/lkw.jpeg&quot;},{&quot;id&quot;:235,&quot;url&quot;:&quot;https:\\\/\\\/nisa-kuehltransporter.de\\\/wp-content\\\/uploads\\\/2024\\\/06\\\/hamburg-hafen.jpeg&quot;}],&quot;background_slideshow_loop&quot;:&quot;yes&quot;,&quot;background_slideshow_slide_duration&quot;:5000,&quot;background_slideshow_slide_transition&quot;:&quot;fade&quot;,&quot;background_slideshow_transition_duration&quot;:500}\">\n\t\t\t\t<div class=\"elementor-element elementor-element-95ad238 elementor-widget elementor-widget-themewar-text-editor\" data-id=\"95ad238\" data-element_type=\"widget\" data-e-type=\"widget\" data-widget_type=\"themewar-text-editor.default\">\n\t\t\t\t<div class=\"elementor-widget-container\">\n\t\t\t\t\t<div class=\"themewart_editor \" ><p>Schnell, sicher, zuverl\u00e4ssig<\/p><p>Ihr Logistikexperte<\/p><\/div>\t\t\t\t<\/div>\n\t\t\t\t<\/div>\n\t\t\t\t<\/div>\n\t\t<div class=\"elementor-element elementor-element-4f89a90 e-flex e-con-boxed e-con e-parent\" data-id=\"4f89a90\" data-element_type=\"container\" data-e-type=\"container\">\n\t\t\t\t\t<div class=\"e-con-inner\">\n\t\t<div class=\"elementor-element elementor-element-e21f00c e-con-full e-flex e-con e-child\" data-id=\"e21f00c\" data-element_type=\"container\" data-e-type=\"container\">\n\t\t\t\t<div class=\"elementor-element elementor-element-69ca894 elementor-widget elementor-widget-themewar-text-editor\" data-id=\"69ca894\" data-element_type=\"widget\" data-e-type=\"widget\" data-widget_type=\"themewar-text-editor.default\">\n\t\t\t\t<div class=\"elementor-widget-container\">\n\t\t\t\t\t<div class=\"themewart_editor \" ><p>Mittelmeer Logistik ist Ihr zuverl\u00e4ssiger Partner f\u00fcr umfassende Transport- und Logistikl\u00f6sungen. Mit langj\u00e4hriger Erfahrung und einem hochmotivierten Team bieten wir ma\u00dfgeschneiderte Dienstleistungen, die Ihre individuellen Anforderungen erf\u00fcllen. Unsere Spezialgebiete umfassen K\u00fchltransporte, Lang- und Kurzstreckentransporte sowie flexible L\u00f6sungen f\u00fcr allt\u00e4gliche Warentransporte.<\/p><p>Unsere modernen Fahrzeugflotten und die neueste Technologie garantieren h\u00f6chste Sicherheit und P\u00fcnktlichkeit. Ob temperaturempfindliche G\u00fcter, gro\u00dfvolumige Transporte oder regelm\u00e4\u00dfige Lieferungen \u2013 wir sorgen daf\u00fcr, dass Ihre Waren sicher und termingerecht ankommen.<\/p><p>Wir bei Mittelmeer Logistik sind stolz auf unsere Werte: Zuverl\u00e4ssigkeit, Effizienz und pers\u00f6nlicher Service. Lassen Sie uns gemeinsam Ihre Logistikbed\u00fcrfnisse optimieren und Ihr Gesch\u00e4ft erfolgreich vorantreiben.<\/p><\/div>\t\t\t\t<\/div>\n\t\t\t\t<\/div>\n\t\t\t\t<\/div>\n\t\t<div class=\"elementor-element elementor-element-083ad74 e-con-full e-flex e-con e-child\" data-id=\"083ad74\" data-element_type=\"container\" data-e-type=\"container\" data-settings=\"{&quot;background_background&quot;:&quot;classic&quot;}\">\n\t\t\t\t<div class=\"elementor-element elementor-element-5bcc562 elementor-widget elementor-widget-themewar-contact-form\" data-id=\"5bcc562\" data-element_type=\"widget\" data-e-type=\"widget\" data-widget_type=\"themewar-contact-form.default\">\n\t\t\t\t<div class=\"elementor-widget-container\">\n\t\t\t\t\t<div class=\"contact-form \">                            <h3 class=\"subTitle\"> \r\n                                Kontaktformular                                <i aria-hidden=\"true\" class=\"logisfare-right_sec\"><\/i>\r\n                            <\/h3>\r\n                                                    <h2 class=\"secTitle\">Kontaktieren sie uns<\/h2>\r\n                        \n<div class=\"wpcf7 no-js\" id=\"wpcf7-f8-o1\" lang=\"de-DE\" dir=\"ltr\" data-wpcf7-id=\"8\">\n<div class=\"screen-reader-response\"><p role=\"status\" aria-live=\"polite\" aria-atomic=\"true\"><\/p> <ul><\/ul><\/div>\n<form action=\"\/index.php?rest_route=%2Fwp%2Fv2%2Fpages%2F185#wpcf7-f8-o1\" method=\"post\" class=\"wpcf7-form init\" aria-label=\"Kontaktformular\" novalidate=\"novalidate\" data-status=\"init\">\n<fieldset class=\"hidden-fields-container\"><input type=\"hidden\" name=\"_wpcf7\" value=\"8\" \/><input type=\"hidden\" name=\"_wpcf7_version\" value=\"6.1.5\" \/><input type=\"hidden\" name=\"_wpcf7_locale\" value=\"de_DE\" \/><input type=\"hidden\" name=\"_wpcf7_unit_tag\" value=\"wpcf7-f8-o1\" \/><input type=\"hidden\" name=\"_wpcf7_container_post\" value=\"0\" \/><input type=\"hidden\" name=\"_wpcf7_posted_data_hash\" value=\"\" \/>\n<\/fieldset>\n<p><span class=\"wpcf7-form-control-wrap\" data-name=\"your-name\"><input size=\"40\" maxlength=\"400\" class=\"wpcf7-form-control wpcf7-text wpcf7-validates-as-required\" autocomplete=\"name\" aria-required=\"true\" aria-invalid=\"false\" placeholder=\"Ihr Name*\" value=\"\" type=\"text\" name=\"your-name\" \/><\/span>\n<\/p>\n<p><span class=\"wpcf7-form-control-wrap\" data-name=\"your-email\"><input size=\"40\" maxlength=\"400\" class=\"wpcf7-form-control wpcf7-email wpcf7-validates-as-required wpcf7-text wpcf7-validates-as-email\" autocomplete=\"email\" aria-required=\"true\" aria-invalid=\"false\" placeholder=\"E-Mail *\" value=\"\" type=\"email\" name=\"your-email\" \/><\/span>\n<\/p>\n<p><span class=\"wpcf7-form-control-wrap\" data-name=\"your-subject\"><input size=\"40\" maxlength=\"400\" class=\"wpcf7-form-control wpcf7-text wpcf7-validates-as-required\" aria-required=\"true\" aria-invalid=\"false\" placeholder=\"Betreff*\" value=\"\" type=\"text\" name=\"your-subject\" \/><\/span>\n<\/p>\n<p><span class=\"wpcf7-form-control-wrap\" data-name=\"your-message\"><textarea cols=\"40\" rows=\"10\" maxlength=\"2000\" class=\"wpcf7-form-control wpcf7-textarea\" aria-invalid=\"false\" placeholder=\"Ihre Nachricht an uns\" name=\"your-message\"><\/textarea><\/span>\n<\/p>\n<p><input class=\"wpcf7-form-control wpcf7-submit has-spinner\" type=\"submit\" value=\"Senden\" \/>\n<\/p><div class=\"wpcf7-response-output\" aria-hidden=\"true\"><\/div>\n<\/form>\n<\/div>\n<\/div>\t\t\t\t<\/div>\n\t\t\t\t<\/div>\n\t\t\t\t<\/div>\n\t\t\t\t\t<\/div>\n\t\t\t\t<\/div>\n\t\t<div class=\"elementor-element elementor-element-eb6250b e-flex e-con-boxed e-con e-parent\" data-id=\"eb6250b\" data-element_type=\"container\" data-e-type=\"container\">\n\t\t\t\t\t<div class=\"e-con-inner\">\n\t\t\t\t<div class=\"elementor-element elementor-element-18ad505 elementor-widget elementor-widget-themewar-services-grid\" data-id=\"18ad505\" data-element_type=\"widget\" data-e-type=\"widget\" data-widget_type=\"themewar-services-grid.default\">\n\t\t\t\t<div class=\"elementor-widget-container\">\n\t\t\t\t\t    <div class=\"row serviceGridWrapp\">\r\n                <div class=\"col-xxl-6 col-xl-6 col-lg-6 col-md-6 col-sm-6\"> \r\n         \r\n            <div class=\"faciltItem  enable_animation aos-animate\"  data-aos=\"flip-up\"  data-aos-duration=\"1000\"  data-aos-delay=\"50\" >\r\n                <span>\r\n                                    <\/span>\r\n                <h3><a href=\"https:\/\/mittelmeer-logistik.de\/?service=allgemeiner-warentransport\">Allgemeiner Warentransport<\/a><\/h3> \r\n                <p>\r\n                                    <\/p>\r\n                <a class=\"btnLink\" href=\"https:\/\/mittelmeer-logistik.de\/?service=allgemeiner-warentransport\">Weitere Informationen<i class=\"themewar_arrow-right\"><\/i><\/a>\r\n            <\/div>\r\n        <\/div>\r\n                <div class=\"col-xxl-6 col-xl-6 col-lg-6 col-md-6 col-sm-6\"> \r\n         \r\n            <div class=\"faciltItem  enable_animation aos-animate\"  data-aos=\"flip-up\"  data-aos-duration=\"1050\"  data-aos-delay=\"70\" >\r\n                <span>\r\n                                    <\/span>\r\n                <h3><a href=\"https:\/\/mittelmeer-logistik.de\/?service=kurzstreckentransport\">Kurzstreckentransport<\/a><\/h3> \r\n                <p>\r\n                                    <\/p>\r\n                <a class=\"btnLink\" href=\"https:\/\/mittelmeer-logistik.de\/?service=kurzstreckentransport\">Weitere Informationen<i class=\"themewar_arrow-right\"><\/i><\/a>\r\n            <\/div>\r\n        <\/div>\r\n                <div class=\"col-xxl-6 col-xl-6 col-lg-6 col-md-6 col-sm-6\"> \r\n         \r\n            <div class=\"faciltItem  enable_animation aos-animate\"  data-aos=\"flip-up\"  data-aos-duration=\"1100\"  data-aos-delay=\"90\" >\r\n                <span>\r\n                                    <\/span>\r\n                <h3><a href=\"https:\/\/mittelmeer-logistik.de\/?service=langstreckentransport\">Langstreckentransport<\/a><\/h3> \r\n                <p>\r\n                                    <\/p>\r\n                <a class=\"btnLink\" href=\"https:\/\/mittelmeer-logistik.de\/?service=langstreckentransport\">Weitere Informationen<i class=\"themewar_arrow-right\"><\/i><\/a>\r\n            <\/div>\r\n        <\/div>\r\n                <div class=\"col-xxl-6 col-xl-6 col-lg-6 col-md-6 col-sm-6\"> \r\n         \r\n            <div class=\"faciltItem  enable_animation aos-animate\"  data-aos=\"flip-up\"  data-aos-duration=\"1150\"  data-aos-delay=\"110\" >\r\n                <span>\r\n                                    <\/span>\r\n                <h3><a href=\"https:\/\/mittelmeer-logistik.de\/?service=kuehltransport\">K\u00fchltransport<\/a><\/h3> \r\n                <p>\r\n                                    <\/p>\r\n                <a class=\"btnLink\" href=\"https:\/\/mittelmeer-logistik.de\/?service=kuehltransport\">Weitere Informationen<i class=\"themewar_arrow-right\"><\/i><\/a>\r\n            <\/div>\r\n        <\/div>\r\n            <\/div>\r\n    \r\n        \t\t\t\t<\/div>\n\t\t\t\t<\/div>\n\t\t\t\t\t<\/div>\n\t\t\t\t<\/div>\n\t\t<div class=\"elementor-element elementor-element-9dcabed e-flex e-con-boxed e-con e-parent\" data-id=\"9dcabed\" data-element_type=\"container\" data-e-type=\"container\" data-settings=\"{&quot;background_background&quot;:&quot;classic&quot;}\">\n\t\t\t\t\t<div class=\"e-con-inner\">\n\t\t<div class=\"elementor-element elementor-element-bd72801 e-con-full e-flex e-con e-child\" data-id=\"bd72801\" data-element_type=\"container\" data-e-type=\"container\" data-settings=\"{&quot;background_background&quot;:&quot;classic&quot;}\">\n\t\t<div class=\"elementor-element elementor-element-b0be208 e-con-full e-flex e-con e-child\" data-id=\"b0be208\" data-element_type=\"container\" data-e-type=\"container\">\n\t\t\t\t<div class=\"elementor-element elementor-element-71b162f elementor-widget__width-initial elementor-widget elementor-widget-tw-about\" data-id=\"71b162f\" data-element_type=\"widget\" data-e-type=\"widget\" data-widget_type=\"tw-about.default\">\n\t\t\t\t<div class=\"elementor-widget-container\">\n\t\t\t\t\t        <aside class=\"footerWidget footerabout \" >\r\n                                        <div class=\"footer_logo\">\r\n                    <a href=\"https:\/\/mittelmeer-logistik.de\/\"><img decoding=\"async\" src=\"https:\/\/nisa-kuehltransporter.de\/wp-content\/uploads\/2024\/05\/logoweiss.png\" alt=\"Mittelmeer Logistik\"><\/a>\r\n                <\/div>\r\n                                <\/aside>\r\n        \t\t\t\t<\/div>\n\t\t\t\t<\/div>\n\t\t\t\t<div class=\"elementor-element elementor-element-feae9e7 elementor-widget elementor-widget-tw-info\" data-id=\"feae9e7\" data-element_type=\"widget\" data-e-type=\"widget\" data-widget_type=\"tw-info.default\">\n\t\t\t\t<div class=\"elementor-widget-container\">\n\t\t\t\t\t        <aside class=\"footerWidget getInTouch \" >\r\n                <div class=\"fContact_info\">                    <span>\r\n                        <i aria-hidden=\"true\" class=\" logisfare-tell\"><\/i>                    <\/span>\r\n                                            <p>Telefon<\/p>\r\n                                            <h3>\r\n                            0152 33697693                        <\/h3>\r\n                                    <\/div>\r\n        <\/aside>\r\n        \t\t\t\t<\/div>\n\t\t\t\t<\/div>\n\t\t\t\t<div class=\"elementor-element elementor-element-16f4dd3 elementor-widget elementor-widget-tw-info\" data-id=\"16f4dd3\" data-element_type=\"widget\" data-e-type=\"widget\" data-widget_type=\"tw-info.default\">\n\t\t\t\t<div class=\"elementor-widget-container\">\n\t\t\t\t\t        <aside class=\"footerWidget getInTouch \" >\r\n                <div class=\"fContact_info\">                    <span>\r\n                        <i aria-hidden=\"true\" class=\" logisfare-envalope\"><\/i>                    <\/span>\r\n                                            <p>E-Mail<\/p>\r\n                                            <h3>\r\n                            <a  target=_blank  href=\"mailto:info@mittelmeer-logistik.de\">info@mittelmeer-logistik.de<\/a>                        <\/h3>\r\n                                    <\/div>\r\n        <\/aside>\r\n        \t\t\t\t<\/div>\n\t\t\t\t<\/div>\n\t\t\t\t<div class=\"elementor-element elementor-element-dab61d9 elementor-widget elementor-widget-tw-info\" data-id=\"dab61d9\" data-element_type=\"widget\" data-e-type=\"widget\" data-widget_type=\"tw-info.default\">\n\t\t\t\t<div class=\"elementor-widget-container\">\n\t\t\t\t\t        <aside class=\"footerWidget getInTouch \" >\r\n                <div class=\"fContact_info\">                    <span>\r\n                        <i aria-hidden=\"true\" class=\" logisfare-location_root\"><\/i>                    <\/span>\r\n                                            <p>Adresse<\/p>\r\n                                            <h3>\r\n                            <a  target=_blank  href=\"https:\/\/maps.app.goo.gl\/4f1dhcnEvn2DKyMg8\">Gro\u00dfer Kamp 15 - 32791 Lage<\/a>                        <\/h3>\r\n                                    <\/div>\r\n        <\/aside>\r\n        \t\t\t\t<\/div>\n\t\t\t\t<\/div>\n\t\t\t\t<\/div>\n\t\t<div class=\"elementor-element elementor-element-3f5337a e-con-full e-flex e-con e-child\" data-id=\"3f5337a\" data-element_type=\"container\" data-e-type=\"container\" data-settings=\"{&quot;background_background&quot;:&quot;classic&quot;}\">\n\t\t\t\t<div class=\"elementor-element elementor-element-1c97876 elementor-widget__width-initial elementor-widget elementor-widget-tw-about\" data-id=\"1c97876\" data-element_type=\"widget\" data-e-type=\"widget\" data-widget_type=\"tw-about.default\">\n\t\t\t\t<div class=\"elementor-widget-container\">\n\t\t\t\t\t        <aside class=\"footerWidget footerabout \" >\r\n                            <h3 class=\"widgetTitle\">\u00dcber Uns<\/h3>\r\n                                                    <div class=\"about_widgetContent\">\r\n                                            <p>Mittelmeer Logistik ist Ihr zuverl\u00e4ssiger Partner f\u00fcr umfassende Transport- und Logistikl\u00f6sungen. Mit langj\u00e4hriger Erfahrung und einem hochmotivierten Team bieten wir ma\u00dfgeschneiderte Dienstleistungen, die Ihre individuellen Anforderungen erf\u00fcllen. Unsere Spezialgebiete umfassen K\u00fchltransporte, Lang- und Kurzstreckentransporte sowie flexible L\u00f6sungen f\u00fcr allt\u00e4gliche Warentransporte.\n\nUnsere modernen Fahrzeugflotten und die neueste Technologie garantieren h\u00f6chste Sicherheit und P\u00fcnktlichkeit. Ob temperaturempfindliche G\u00fcter, gro\u00dfvolumige Transporte oder regelm\u00e4\u00dfige Lieferungen \u2013 wir sorgen daf\u00fcr, dass Ihre Waren sicher und termingerecht ankommen.\n\n\nWir bei Mittelmeer Logistik sind stolz auf unsere Werte: Zuverl\u00e4ssigkeit, Effizienz und pers\u00f6nlicher Service. Lassen Sie uns gemeinsam Ihre Logistikbed\u00fcrfnisse optimieren und Ihr Gesch\u00e4ft erfolgreich vorantreiben.<\/p>\r\n                                    <\/div>\r\n                    <\/aside>\r\n        \t\t\t\t<\/div>\n\t\t\t\t<\/div>\n\t\t\t\t<div class=\"elementor-element elementor-element-9701656 menu_nav elementor-align-left elementor-widget elementor-widget-tw-navigation\" data-id=\"9701656\" data-element_type=\"widget\" data-e-type=\"widget\" data-widget_type=\"tw-navigation.default\">\n\t\t\t\t<div class=\"elementor-widget-container\">\n\t\t\t\t\t        <aside class=\"footerWidget aboutFooterNav  \" >\r\n                            <h3 class=\"widgetTitle\">Navigation<\/h3>\r\n                        <div class=\"menu-footer-menue-container\"><ul id=\"menu-footer-menue\" class=\"menu\"><li id=\"menu-item-266\" class=\"menu-item menu-item-type-post_type menu-item-object-page menu-item-home menu-item-266\"><a href=\"https:\/\/mittelmeer-logistik.de\/\">Homepage<\/a><\/li>\n<li id=\"menu-item-302\" class=\"menu-item menu-item-type-post_type menu-item-object-page menu-item-302\"><a href=\"https:\/\/mittelmeer-logistik.de\/?page_id=294\">Dienstleistungen<\/a><\/li>\n<li id=\"menu-item-385\" class=\"menu-item menu-item-type-post_type menu-item-object-page menu-item-385\"><a href=\"https:\/\/mittelmeer-logistik.de\/?page_id=376\">\u00dcber uns<\/a><\/li>\n<li id=\"menu-item-388\" class=\"menu-item menu-item-type-post_type menu-item-object-page menu-item-388\"><a href=\"https:\/\/mittelmeer-logistik.de\/?page_id=386\">Kontakt<\/a><\/li>\n<\/ul><\/div>        <\/aside>\r\n        \t\t\t\t<\/div>\n\t\t\t\t<\/div>\n\t\t\t\t<div class=\"elementor-element elementor-element-edcd04c menu_nav elementor-align-left elementor-widget elementor-widget-tw-navigation\" data-id=\"edcd04c\" data-element_type=\"widget\" data-e-type=\"widget\" data-widget_type=\"tw-navigation.default\">\n\t\t\t\t<div class=\"elementor-widget-container\">\n\t\t\t\t\t        <aside class=\"footerWidget aboutFooterNav  \" >\r\n                            <h3 class=\"widgetTitle\">Dienstleistungen<\/h3>\r\n                        <div class=\"menu-dienstleistungen-container\"><ul id=\"menu-dienstleistungen\" class=\"menu\"><li id=\"menu-item-174\" class=\"menu-item menu-item-type-post_type menu-item-object-service menu-item-174\"><a href=\"https:\/\/mittelmeer-logistik.de\/?service=allgemeiner-warentransport\">Allgemeiner Warentransport<\/a><\/li>\n<li id=\"menu-item-177\" class=\"menu-item menu-item-type-post_type menu-item-object-service menu-item-177\"><a href=\"https:\/\/mittelmeer-logistik.de\/?service=kuehltransport\">K\u00fchltransport<\/a><\/li>\n<li id=\"menu-item-176\" class=\"menu-item menu-item-type-post_type menu-item-object-service menu-item-176\"><a href=\"https:\/\/mittelmeer-logistik.de\/?service=langstreckentransport\">Langstreckentransport<\/a><\/li>\n<li id=\"menu-item-175\" class=\"menu-item menu-item-type-post_type menu-item-object-service menu-item-175\"><a href=\"https:\/\/mittelmeer-logistik.de\/?service=kurzstreckentransport\">Kurzstreckentransport<\/a><\/li>\n<\/ul><\/div>        <\/aside>\r\n        \t\t\t\t<\/div>\n\t\t\t\t<\/div>\n\t\t\t\t<\/div>\n\t\t\t\t<\/div>\n\t\t\t\t\t<\/div>\n\t\t\t\t<\/div>\n\t\t\t\t<\/div>\n\t\t","protected":false},"excerpt":{"rendered":"<p>0152 33697693 info@mittelmeer-logistik.de Gro\u00dfer Kamp 15 &#8211; 32791 Lage Startseite Dienstleistungen Allgemeiner Warentransport K\u00fchltransport Langstreckentransport Kurzstreckentransport \u00dcber uns Kontakt Impressum Datenschutzerkl\u00e4rung Schnell, sicher, zuverl\u00e4ssig Ihr Logistikexperte Mittelmeer Logistik ist Ihr zuverl\u00e4ssiger Partner f\u00fcr umfassende Transport- und Logistikl\u00f6sungen. Mit langj\u00e4hriger Erfahrung und einem hochmotivierten Team bieten wir ma\u00dfgeschneiderte Dienstleistungen, die Ihre individuellen Anforderungen erf\u00fcllen. Unsere Spezialgebiete [&hellip;]<\/p>\n","protected":false},"author":1,"featured_media":0,"parent":0,"menu_order":0,"comment_status":"closed","ping_status":"closed","template":"elementor_canvas","meta":{"footnotes":""},"class_list":["post-185","page","type-page","status-publish","hentry"],"_links":{"self":[{"href":"https:\/\/mittelmeer-logistik.de\/index.php?rest_route=\/wp\/v2\/pages\/185","targetHints":{"allow":["GET"]}}],"collection":[{"href":"https:\/\/mittelmeer-logistik.de\/index.php?rest_route=\/wp\/v2\/pages"}],"about":[{"href":"https:\/\/mittelmeer-logistik.de\/index.php?rest_route=\/wp\/v2\/types\/page"}],"author":[{"embeddable":true,"href":"https:\/\/mittelmeer-logistik.de\/index.php?rest_route=\/wp\/v2\/users\/1"}],"replies":[{"embeddable":true,"href":"https:\/\/mittelmeer-logistik.de\/index.php?rest_route=%2Fwp%2Fv2%2Fcomments&post=185"}],"version-history":[{"count":64,"href":"https:\/\/mittelmeer-logistik.de\/index.php?rest_route=\/wp\/v2\/pages\/185\/revisions"}],"predecessor-version":[{"id":509,"href":"https:\/\/mittelmeer-logistik.de\/index.php?rest_route=\/wp\/v2\/pages\/185\/revisions\/509"}],"wp:attachment":[{"href":"https:\/\/mittelmeer-logistik.de\/index.php?rest_route=%2Fwp%2Fv2%2Fmedia&parent=185"}],"curies":[{"name":"wp","href":"https:\/\/api.w.org\/{rel}","templated":true}]}}