{"id":376,"date":"2024-06-01T03:56:08","date_gmt":"2024-06-01T01:56:08","guid":{"rendered":"https:\/\/nisa-kuehltransporter.de\/?page_id=376"},"modified":"2024-06-01T04:07:04","modified_gmt":"2024-06-01T02:07:04","slug":"ueber-uns","status":"publish","type":"page","link":"https:\/\/mittelmeer-logistik.de\/?page_id=376","title":{"rendered":"\u00dcber uns"},"content":{"rendered":"\t\t<div data-elementor-type=\"wp-page\" data-elementor-id=\"376\" class=\"elementor elementor-376\">\n\t\t\t\t<div class=\"elementor-element elementor-element-feb2ea8 e-flex e-con-boxed e-con e-parent\" data-id=\"feb2ea8\" data-element_type=\"container\" data-e-type=\"container\">\n\t\t\t\t\t<div class=\"e-con-inner\">\n\t\t<div class=\"elementor-element elementor-element-c3e1477 e-con-full e-flex e-con e-child\" data-id=\"c3e1477\" data-element_type=\"container\" data-e-type=\"container\">\n\t\t\t\t<div class=\"elementor-element elementor-element-eaf113f elementor-widget elementor-widget-themewar-text-editor\" data-id=\"eaf113f\" data-element_type=\"widget\" data-e-type=\"widget\" data-widget_type=\"themewar-text-editor.default\">\n\t\t\t\t<div class=\"elementor-widget-container\">\n\t\t\t\t\t<div class=\"themewart_editor \" ><p>Mittelmeer Logistik ist Ihr zuverl\u00e4ssiger Partner f\u00fcr umfassende Transport- und Logistikl\u00f6sungen. Mit langj\u00e4hriger Erfahrung und einem hochmotivierten Team bieten wir ma\u00dfgeschneiderte Dienstleistungen, die Ihre individuellen Anforderungen erf\u00fcllen. Unsere Spezialgebiete umfassen K\u00fchltransporte, Lang- und Kurzstreckentransporte sowie flexible L\u00f6sungen f\u00fcr allt\u00e4gliche Warentransporte.<\/p><p>Unsere modernen Fahrzeugflotten und die neueste Technologie garantieren h\u00f6chste Sicherheit und P\u00fcnktlichkeit. Ob temperaturempfindliche G\u00fcter, gro\u00dfvolumige Transporte oder regelm\u00e4\u00dfige Lieferungen \u2013 wir sorgen daf\u00fcr, dass Ihre Waren sicher und termingerecht ankommen.<\/p><p>Wir bei Mittelmeer Logistik sind stolz auf unsere Werte: Zuverl\u00e4ssigkeit, Effizienz und pers\u00f6nlicher Service. Lassen Sie uns gemeinsam Ihre Logistikbed\u00fcrfnisse optimieren und Ihr Gesch\u00e4ft erfolgreich vorantreiben.<\/p><\/div>\t\t\t\t<\/div>\n\t\t\t\t<\/div>\n\t\t\t\t<\/div>\n\t\t<div class=\"elementor-element elementor-element-b3616a4 e-flex e-con-boxed e-con e-child\" data-id=\"b3616a4\" data-element_type=\"container\" data-e-type=\"container\" data-settings=\"{&quot;background_background&quot;:&quot;classic&quot;}\">\n\t\t\t\t\t<div class=\"e-con-inner\">\n\t\t\t\t<div class=\"elementor-element elementor-element-6c3c8c3 list_align elementor-align-left elementor-widget elementor-widget-themewar-lists\" data-id=\"6c3c8c3\" data-element_type=\"widget\" data-e-type=\"widget\" data-widget_type=\"themewar-lists.default\">\n\t\t\t\t<div class=\"elementor-widget-container\">\n\t\t\t\t\t        \r\n        <ul class=\"logisfareList \" >\r\n                            <li class=\"logicList_item icon-static\" >\r\n                                            <i aria-hidden=\"true\" class=\"themewar_check\"><\/i>                                                            Branchenf\u00fchrende Expertise                <\/li>\r\n                                <li class=\"logicList_item icon-static\" >\r\n                                            <i aria-hidden=\"true\" class=\"themewar_check\"><\/i>                                                            Modernste Technologie                <\/li>\r\n                                <li class=\"logicList_item icon-static\" >\r\n                                            <i aria-hidden=\"true\" class=\"themewar_check\"><\/i>                                                            Hohe Sicherheitsstandards                <\/li>\r\n                                <li class=\"logicList_item icon-static\" >\r\n                                            <i aria-hidden=\"true\" class=\"themewar_check\"><\/i>                                                            Pers\u00f6nlicher Service                <\/li>\r\n                                <li class=\"logicList_item icon-static\" >\r\n                                            <i aria-hidden=\"true\" class=\"themewar_check\"><\/i>                                                            Zuverl\u00e4ssigkeit und P\u00fcnktlichkeit                <\/li>\r\n                                <li class=\"logicList_item icon-static\" >\r\n                                            <i aria-hidden=\"true\" class=\"themewar_check\"><\/i>                                                            Umweltbewusstsein                <\/li>\r\n                                <li class=\"logicList_item icon-static\" >\r\n                                            <i aria-hidden=\"true\" class=\"themewar_check\"><\/i>                                                            Transparente Kommunikation                <\/li>\r\n                                <li class=\"logicList_item icon-static\" >\r\n                                            <i aria-hidden=\"true\" class=\"themewar_check\"><\/i>                                                            Kundenzufriedenheit                <\/li>\r\n                                <li class=\"logicList_item icon-static\" >\r\n                                            <i aria-hidden=\"true\" class=\"themewar_check\"><\/i>                                                            Ma\u00dfgeschneiderte L\u00f6sungen                <\/li>\r\n                                <li class=\"logicList_item icon-static\" >\r\n                                            <i aria-hidden=\"true\" class=\"themewar_check\"><\/i>                                                            Kostenoptimierung                <\/li>\r\n                                <li class=\"logicList_item icon-static\" >\r\n                                            <i aria-hidden=\"true\" class=\"themewar_check\"><\/i>                                                            Internationales Netzwerk                <\/li>\r\n                                <li class=\"logicList_item icon-static\" >\r\n                                            <i aria-hidden=\"true\" class=\"themewar_check\"><\/i>                                                            Langfristige Partnerschaften                <\/li>\r\n                                <li class=\"logicList_item icon-static\" >\r\n                                            <i aria-hidden=\"true\" class=\"themewar_check\"><\/i>                                                            Soziale Verantwortung                <\/li>\r\n                                <li class=\"logicList_item icon-static\" >\r\n                                            <i aria-hidden=\"true\" class=\"themewar_check\"><\/i>                                                            Kontinuierliche Weiterentwicklung                <\/li>\r\n                        <\/ul>\r\n        \t\t\t\t<\/div>\n\t\t\t\t<\/div>\n\t\t\t\t\t<\/div>\n\t\t\t\t<\/div>\n\t\t\t\t\t<\/div>\n\t\t\t\t<\/div>\n\t\t\t\t<\/div>\n\t\t","protected":false},"excerpt":{"rendered":"<p>Mittelmeer Logistik ist Ihr zuverl\u00e4ssiger Partner f\u00fcr umfassende Transport- und Logistikl\u00f6sungen. Mit langj\u00e4hriger Erfahrung und einem hochmotivierten Team bieten wir ma\u00dfgeschneiderte Dienstleistungen, die Ihre individuellen Anforderungen erf\u00fcllen. Unsere Spezialgebiete umfassen K\u00fchltransporte, Lang- und Kurzstreckentransporte sowie flexible L\u00f6sungen f\u00fcr allt\u00e4gliche Warentransporte. Unsere modernen Fahrzeugflotten und die neueste Technologie garantieren h\u00f6chste Sicherheit und P\u00fcnktlichkeit. Ob temperaturempfindliche G\u00fcter, [&hellip;]<\/p>\n","protected":false},"author":1,"featured_media":0,"parent":0,"menu_order":0,"comment_status":"closed","ping_status":"closed","template":"","meta":{"footnotes":""},"class_list":["post-376","page","type-page","status-publish","hentry"],"_links":{"self":[{"href":"https:\/\/mittelmeer-logistik.de\/index.php?rest_route=\/wp\/v2\/pages\/376","targetHints":{"allow":["GET"]}}],"collection":[{"href":"https:\/\/mittelmeer-logistik.de\/index.php?rest_route=\/wp\/v2\/pages"}],"about":[{"href":"https:\/\/mittelmeer-logistik.de\/index.php?rest_route=\/wp\/v2\/types\/page"}],"author":[{"embeddable":true,"href":"https:\/\/mittelmeer-logistik.de\/index.php?rest_route=\/wp\/v2\/users\/1"}],"replies":[{"embeddable":true,"href":"https:\/\/mittelmeer-logistik.de\/index.php?rest_route=%2Fwp%2Fv2%2Fcomments&post=376"}],"version-history":[{"count":8,"href":"https:\/\/mittelmeer-logistik.de\/index.php?rest_route=\/wp\/v2\/pages\/376\/revisions"}],"predecessor-version":[{"id":391,"href":"https:\/\/mittelmeer-logistik.de\/index.php?rest_route=\/wp\/v2\/pages\/376\/revisions\/391"}],"wp:attachment":[{"href":"https:\/\/mittelmeer-logistik.de\/index.php?rest_route=%2Fwp%2Fv2%2Fmedia&parent=376"}],"curies":[{"name":"wp","href":"https:\/\/api.w.org\/{rel}","templated":true}]}}